{"id":52,"date":"2016-05-18T22:40:26","date_gmt":"2016-05-18T20:40:26","guid":{"rendered":"http:\/\/birex.net\/cms\/?page_id=52"},"modified":"2024-09-18T23:23:51","modified_gmt":"2024-09-18T21:23:51","slug":"oferta","status":"publish","type":"page","link":"https:\/\/birex.net\/index.php\/oferta\/","title":{"rendered":"Oferta"},"content":{"rendered":"<div class=\"wpb-content-wrapper\"><p>[vc_row css=&#8221;.vc_custom_1464699947344{padding-bottom: 0px !important;}&#8221;][vc_column]\n\t\n\t\t<div class=\"margin-bot-60 col-md-6 wow fadeInUp\" data-wow-delay=\"0\">\n\t        <div class=\"box-with-icon-left\">\n\t            <i class=\"demo-icon icon-ic_cat icon-big\"><\/i>\n\t            <div class=\"text\">\n\t                <h2>ZA\u0141ADUNEK ROZ\u0141ADUNEK WAGON\u00d3W<\/h2>\n\t                <p>Na terenie ca\u0142ego kraju \u015bwiadczymy kompleksowe us\u0142ugi za\u0142adunkowe i prze\u0142adunkowe przy u\u017cyciu zaawansowanego technologicznie sprz\u0119tu. W tym zakresie nasza firma postrzegana jest jako bezkonkurencyjna. Nasz tabor maszynowy jest do Pa\u0144stwa dyspozycji.<\/p>\n\t                <div class=\"divider-single\"><\/div>\n\t                <a href=\"https:\/\/birex.net\/index.php\/services\/zaladunek-rozladunek-wagonow\/\" class=\"btn-text\">Czytaj wi\u0119cej<\/a>\n\t            <\/div>\n\t        <\/div>\n\t    <\/div>\n\t\n\t\n\t\t<div class=\"margin-bot-60 col-md-6 wow fadeInUp\" data-wow-delay=\"0\">\n\t        <div class=\"box-with-icon-left\">\n\t            <i class=\"demo-icon icon-ic_truck icon-big\"><\/i>\n\t            <div class=\"text\">\n\t                <h2>TRANSPORT<\/h2>\n\t                <p>Przyjmujemy zlecenia transportowe od wielkich firm oraz Klient\u00f3w indywidualnych. Oferujemy szerokie spektrum us\u0142ug wymagaj\u0105cych szczeg\u00f3lnych warunk\u00f3w przewozu. Elastycznie dopasowujemy si\u0119 do specyfiki zlecenia \u2013 rodzaju przewo\u017conego \u0142adunku i potrzeb Klienta.<\/p>\n\t                <div class=\"divider-single\"><\/div>\n\t                <a href=\"https:\/\/birex.net\/index.php\/services\/transport\/\" class=\"btn-text\">Czytaj wi\u0119cej<\/a>\n\t            <\/div>\n\t        <\/div>\n\t    <\/div>\n\t\n\t\n\t\t<div class=\"margin-bot-60 col-md-6 wow fadeInUp\" data-wow-delay=\"0\">\n\t        <div class=\"box-with-icon-left\">\n\t            <i class=\"demo-icon icon-ic_bulldozer icon-big\"><\/i>\n\t            <div class=\"text\">\n\t                <h2>US\u0141UGI BUDOWLANE I INNE<\/h2>\n\t                <p>Jeste\u015bmy niezast\u0105pieni przy zleceniach nietypowych, wymagaj\u0105cych szczeg\u00f3lnych kompetencji i zaplecza technicznego. Dost\u0119pni na terenie ca\u0142ego kraju wykonujemy<br \/>\nprace budowlane o specjalistycznym charakterze.<\/p>\n\t                <div class=\"divider-single\"><\/div>\n\t                <a href=\"https:\/\/birex.net\/index.php\/services\/uslugi-budowlane\/\" class=\"btn-text\">Czytaj wi\u0119cej<\/a>\n\t            <\/div>\n\t        <\/div>\n\t    <\/div>\n\t\n\t\n\t\t<div class=\"margin-bot-60 col-md-6 wow fadeInUp\" data-wow-delay=\"0\">\n\t        <div class=\"box-with-icon-left\">\n\t            <i class=\"demo-icon icon-ic_oil icon-big\"><\/i>\n\t            <div class=\"text\">\n\t                <h2>PALIWA I KRUSZYWA<\/h2>\n\t                <p>Dzi\u0119ki rozszerzeniu zakresu naszej dzia\u0142alno\u015bci jeste\u015bmy niezale\u017cni od innych podmiot\u00f3w. Sprzeda\u017c paliw i kruszywa jest jednym z element\u00f3w buduj\u0105cych nasz\u0105 samowystarczalno\u015b\u0107. Sprawia to, \u017ce potrafimy naprawd\u0119 w pe\u0142ni kompleksowo \u015bwiadczy\u0107 us\u0142ugi naszym Klientom.<\/p>\n\t                <div class=\"divider-single\"><\/div>\n\t                <a href=\"https:\/\/birex.net\/index.php\/services\/paliwa-kruszywa\/\" class=\"btn-text\">Czytaj wi\u0119cej<\/a>\n\t            <\/div>\n\t        <\/div>\n\t    <\/div>\n\t\n\t\t\t\t\t\n\n[\/vc_column][\/vc_row][vc_row css=&#8221;.vc_custom_1464700180715{padding-top: 0px !important;padding-bottom: 0px !important;}&#8221;][vc_column css_animation=&#8221;none&#8221;][vc_column_text css_animation=&#8221;none&#8221; css=&#8221;&#8221;]    \t\r\n\t\t<script>\r\n\t\/*\r\n *  Initialize the slider\r\n *\/\r\n\r\n\t\tjQuery(document).ready(function($){ \r\n\t\t\tjQuery(\"#wpaft-logo-slider-logotypy\").owlCarousel({\r\n\t\t\t\titems: \t\t\t\tNumber(wpaft.items),\r\n\t\t\t\tslideSpeed: \t\tNumber(wpaft.slide_speed),\r\n\t\t\t\tpaginationSpeed: \tNumber(wpaft.pagination_speed),\r\n\t\t\t\trewindSpeed: \t\tNumber(wpaft.rewind_speed),\r\n\t\t\t\tsingleItem: \t\tBoolean('1' == wpaft.single_item),\r\n\t\t\t\tautoPlay: \t\t\tBoolean('1' == wpaft.auto_play),\r\n\t\t\t\tstopOnHover: \t\tBoolean('1' == wpaft.stop_on_hover),\r\n\t\t\t\tnavigation: \t\tBoolean('1' == wpaft.navigation),\r\n\t\t\t\tpagination: \t\tBoolean('1' == wpaft.pagination),\r\n\t\t\t\tresponsive: \t\tBoolean('1' == wpaft.responsive)\r\n\t\t\t});\r\n\t\t});\r\n\t<\/script>\r\n\t<div id=\"wpaft-logo-slider-logotypy\" class=\"owl-carousel\">\r\n\t\t\r\n\t<div class=\"logo-container\">\r\n\t\t\t<img loading=\"lazy\" decoding=\"async\" width=\"200\" height=\"100\" src=\"https:\/\/birex.net\/cms\/wp-content\/uploads\/2016\/05\/005.png\" class=\"attachment-full size-full wp-post-image\" alt=\"\" \/>\t\t\t\t\t\r\n\t<\/div>\r\n\t\t\r\n\t<div class=\"logo-container\">\r\n\t\t\t<img loading=\"lazy\" decoding=\"async\" width=\"200\" height=\"100\" src=\"https:\/\/birex.net\/cms\/wp-content\/uploads\/2016\/05\/003.png\" class=\"attachment-full size-full wp-post-image\" alt=\"\" \/>\t\t\t\t\t\r\n\t<\/div>\r\n\t\t\r\n\t<div class=\"logo-container\">\r\n\t\t\t<img loading=\"lazy\" decoding=\"async\" width=\"200\" height=\"100\" src=\"https:\/\/birex.net\/cms\/wp-content\/uploads\/2016\/05\/002.png\" class=\"attachment-full size-full wp-post-image\" alt=\"\" \/>\t\t\t\t\t\r\n\t<\/div>\r\n\t\t\r\n\t<div class=\"logo-container\">\r\n\t\t\t<img loading=\"lazy\" decoding=\"async\" width=\"200\" height=\"100\" src=\"https:\/\/birex.net\/cms\/wp-content\/uploads\/2016\/05\/004.png\" class=\"attachment-full size-full wp-post-image\" alt=\"\" \/>\t\t\t\t\t\r\n\t<\/div>\r\n\t\t\r\n\t<div class=\"logo-container\">\r\n\t\t\t<img loading=\"lazy\" decoding=\"async\" width=\"180\" height=\"80\" src=\"https:\/\/birex.net\/cms\/wp-content\/uploads\/2016\/05\/logo9.jpg\" class=\"attachment-full size-full wp-post-image\" alt=\"\" \/>\t\t\t\t\t\r\n\t<\/div>\r\n\t\t\r\n\t<div class=\"logo-container\">\r\n\t\t\t<img loading=\"lazy\" decoding=\"async\" width=\"200\" height=\"100\" src=\"https:\/\/birex.net\/cms\/wp-content\/uploads\/2016\/05\/008.png\" class=\"attachment-full size-full wp-post-image\" alt=\"\" \/>\t\t\t\t\t\r\n\t<\/div>\r\n\t\t\r\n\t<div class=\"logo-container\">\r\n\t\t\t<img loading=\"lazy\" decoding=\"async\" width=\"200\" height=\"100\" src=\"https:\/\/birex.net\/cms\/wp-content\/uploads\/2016\/05\/001.png\" class=\"attachment-full size-full wp-post-image\" alt=\"\" \/>\t\t\t\t\t\r\n\t<\/div>\r\n\t\t\r\n\t<div class=\"logo-container\">\r\n\t\t\t<img loading=\"lazy\" decoding=\"async\" width=\"180\" height=\"80\" src=\"https:\/\/birex.net\/cms\/wp-content\/uploads\/2016\/05\/logo12.jpg\" class=\"attachment-full size-full wp-post-image\" alt=\"\" \/>\t\t\t\t\t\r\n\t<\/div>\r\n\t\t\r\n\t<div class=\"logo-container\">\r\n\t\t\t<img loading=\"lazy\" decoding=\"async\" width=\"180\" height=\"80\" src=\"https:\/\/birex.net\/cms\/wp-content\/uploads\/2016\/05\/logo11.jpg\" class=\"attachment-full size-full wp-post-image\" alt=\"\" \/>\t\t\t\t\t\r\n\t<\/div>\r\n\t\t\r\n\t<div class=\"logo-container\">\r\n\t\t\t<img loading=\"lazy\" decoding=\"async\" width=\"180\" height=\"80\" src=\"https:\/\/birex.net\/cms\/wp-content\/uploads\/2016\/05\/logo10.jpg\" class=\"attachment-full size-full wp-post-image\" alt=\"\" \/>\t\t\t\t\t\r\n\t<\/div>\r\n\t\t  <\/div>\r\n\t[\/vc_column_text][\/vc_column][\/vc_row][vc_row fullwidth=&#8221;yes&#8221; css=&#8221;.vc_custom_1456218501476{padding-top: 0px !important;padding-bottom: 0px !important;}&#8221;][vc_column]\n\t<div class=\"call-to-action text-light \">\n        <div class=\"container\">\n            <div class=\"row\">\n                <div class=\"col-md-9\">\n                \t\t                \t<h2>Zainteresowa\u0142a Ci\u0119 oferta? Masz pytania? Skontaktuj si\u0119 z nami!<\/h2>\n\t                \t\t                \t                                    \n                <\/div>\n\n                <div class=\"col-md-3\">\n                    <a class=\"btn-border-light\" href=\"http:\/\/birex.net\/index.php\/kontakt\/\" title=\"KONTAKT Z NAMI\" target=\"_self\">KONTAKT Z NAMI<\/a>                <\/div>\n            <\/div>\n        <\/div>\n    <\/div>\n\t\n[\/vc_column][\/vc_row]<\/p>\n<\/div>","protected":false},"excerpt":{"rendered":"<p>[vc_row css=&#8221;.vc_custom_1464699947344{padding-bottom: 0px !important;}&#8221;][vc_column][\/vc_column][\/vc_row][vc_row css=&#8221;.vc_custom_1464700180715{padding-top: 0px !important;padding-bottom: 0px !important;}&#8221;][vc_column css_animation=&#8221;none&#8221;][vc_column_text css_animation=&#8221;none&#8221; css=&#8221;&#8221;][\/vc_column_text][\/vc_column][\/vc_row][vc_row fullwidth=&#8221;yes&#8221; css=&#8221;.vc_custom_1456218501476{padding-top: 0px !important;padding-bottom: 0px !important;}&#8221;][vc_column][\/vc_column][\/vc_row]<\/p>\n","protected":false},"author":1,"featured_media":0,"parent":0,"menu_order":0,"comment_status":"closed","ping_status":"closed","template":"page-templates\/template-fullwidth.php","meta":{"footnotes":""},"class_list":["post-52","page","type-page","status-publish","hentry"],"yoast_head":"<!-- This site is optimized with the Yoast SEO plugin v23.5 - https:\/\/yoast.com\/wordpress\/plugins\/seo\/ -->\n<title>Oferta - BIREX<\/title>\n<meta name=\"robots\" content=\"index, follow, max-snippet:-1, max-image-preview:large, max-video-preview:-1\" \/>\n<link rel=\"canonical\" href=\"https:\/\/birex.net\/index.php\/oferta\/\" \/>\n<meta property=\"og:locale\" content=\"pl_PL\" \/>\n<meta property=\"og:type\" content=\"article\" \/>\n<meta property=\"og:title\" content=\"Oferta - BIREX\" \/>\n<meta property=\"og:description\" content=\"[vc_row css=&#8221;.vc_custom_1464699947344{padding-bottom: 0px !important;}&#8221;][vc_column][\/vc_column][\/vc_row][vc_row css=&#8221;.vc_custom_1464700180715{padding-top: 0px !important;padding-bottom: 0px !important;}&#8221;][vc_column css_animation=&#8221;none&#8221;][vc_column_text css_animation=&#8221;none&#8221; css=&#8221;&#8221;][\/vc_column_text][\/vc_column][\/vc_row][vc_row fullwidth=&#8221;yes&#8221; css=&#8221;.vc_custom_1456218501476{padding-top: 0px !important;padding-bottom: 0px !important;}&#8221;][vc_column][\/vc_column][\/vc_row]\" \/>\n<meta property=\"og:url\" content=\"https:\/\/birex.net\/index.php\/oferta\/\" \/>\n<meta property=\"og:site_name\" content=\"BIREX\" \/>\n<meta property=\"article:modified_time\" content=\"2024-09-18T21:23:51+00:00\" \/>\n<meta name=\"twitter:card\" content=\"summary_large_image\" \/>\n<meta name=\"twitter:label1\" content=\"Szacowany czas czytania\" \/>\n\t<meta name=\"twitter:data1\" content=\"1 minuta\" \/>\n<script type=\"application\/ld+json\" class=\"yoast-schema-graph\">{\"@context\":\"https:\/\/schema.org\",\"@graph\":[{\"@type\":\"WebPage\",\"@id\":\"https:\/\/birex.net\/index.php\/oferta\/\",\"url\":\"https:\/\/birex.net\/index.php\/oferta\/\",\"name\":\"Oferta - BIREX\",\"isPartOf\":{\"@id\":\"https:\/\/birex.net\/#website\"},\"datePublished\":\"2016-05-18T20:40:26+00:00\",\"dateModified\":\"2024-09-18T21:23:51+00:00\",\"breadcrumb\":{\"@id\":\"https:\/\/birex.net\/index.php\/oferta\/#breadcrumb\"},\"inLanguage\":\"pl-PL\",\"potentialAction\":[{\"@type\":\"ReadAction\",\"target\":[\"https:\/\/birex.net\/index.php\/oferta\/\"]}]},{\"@type\":\"BreadcrumbList\",\"@id\":\"https:\/\/birex.net\/index.php\/oferta\/#breadcrumb\",\"itemListElement\":[{\"@type\":\"ListItem\",\"position\":1,\"name\":\"Strona g\u0142\u00f3wna\",\"item\":\"https:\/\/birex.net\/\"},{\"@type\":\"ListItem\",\"position\":2,\"name\":\"Oferta\"}]},{\"@type\":\"WebSite\",\"@id\":\"https:\/\/birex.net\/#website\",\"url\":\"https:\/\/birex.net\/\",\"name\":\"BIREX Roz\u0142adunek wagon\u00f3w. Transport. Spedycja. Us\u0142ugi budowlane. Paliwa. Kruszywa.\",\"description\":\"STWORZENI DO ZADA\u0143 WAGI CI\u0118\u017bKIEJ\",\"publisher\":{\"@id\":\"https:\/\/birex.net\/#organization\"},\"potentialAction\":[{\"@type\":\"SearchAction\",\"target\":{\"@type\":\"EntryPoint\",\"urlTemplate\":\"https:\/\/birex.net\/?s={search_term_string}\"},\"query-input\":{\"@type\":\"PropertyValueSpecification\",\"valueRequired\":true,\"valueName\":\"search_term_string\"}}],\"inLanguage\":\"pl-PL\"},{\"@type\":\"Organization\",\"@id\":\"https:\/\/birex.net\/#organization\",\"name\":\"BIREX\",\"url\":\"https:\/\/birex.net\/\",\"logo\":{\"@type\":\"ImageObject\",\"inLanguage\":\"pl-PL\",\"@id\":\"https:\/\/birex.net\/#\/schema\/logo\/image\/\",\"url\":\"https:\/\/birex.net\/cms\/wp-content\/uploads\/2016\/05\/BIREX_logo-1.png\",\"contentUrl\":\"https:\/\/birex.net\/cms\/wp-content\/uploads\/2016\/05\/BIREX_logo-1.png\",\"width\":186,\"height\":35,\"caption\":\"BIREX\"},\"image\":{\"@id\":\"https:\/\/birex.net\/#\/schema\/logo\/image\/\"}}]}<\/script>\n<!-- \/ Yoast SEO plugin. -->","yoast_head_json":{"title":"Oferta - BIREX","robots":{"index":"index","follow":"follow","max-snippet":"max-snippet:-1","max-image-preview":"max-image-preview:large","max-video-preview":"max-video-preview:-1"},"canonical":"https:\/\/birex.net\/index.php\/oferta\/","og_locale":"pl_PL","og_type":"article","og_title":"Oferta - BIREX","og_description":"[vc_row css=&#8221;.vc_custom_1464699947344{padding-bottom: 0px !important;}&#8221;][vc_column][\/vc_column][\/vc_row][vc_row css=&#8221;.vc_custom_1464700180715{padding-top: 0px !important;padding-bottom: 0px !important;}&#8221;][vc_column css_animation=&#8221;none&#8221;][vc_column_text css_animation=&#8221;none&#8221; css=&#8221;&#8221;][\/vc_column_text][\/vc_column][\/vc_row][vc_row fullwidth=&#8221;yes&#8221; css=&#8221;.vc_custom_1456218501476{padding-top: 0px !important;padding-bottom: 0px !important;}&#8221;][vc_column][\/vc_column][\/vc_row]","og_url":"https:\/\/birex.net\/index.php\/oferta\/","og_site_name":"BIREX","article_modified_time":"2024-09-18T21:23:51+00:00","twitter_card":"summary_large_image","twitter_misc":{"Szacowany czas czytania":"1 minuta"},"schema":{"@context":"https:\/\/schema.org","@graph":[{"@type":"WebPage","@id":"https:\/\/birex.net\/index.php\/oferta\/","url":"https:\/\/birex.net\/index.php\/oferta\/","name":"Oferta - BIREX","isPartOf":{"@id":"https:\/\/birex.net\/#website"},"datePublished":"2016-05-18T20:40:26+00:00","dateModified":"2024-09-18T21:23:51+00:00","breadcrumb":{"@id":"https:\/\/birex.net\/index.php\/oferta\/#breadcrumb"},"inLanguage":"pl-PL","potentialAction":[{"@type":"ReadAction","target":["https:\/\/birex.net\/index.php\/oferta\/"]}]},{"@type":"BreadcrumbList","@id":"https:\/\/birex.net\/index.php\/oferta\/#breadcrumb","itemListElement":[{"@type":"ListItem","position":1,"name":"Strona g\u0142\u00f3wna","item":"https:\/\/birex.net\/"},{"@type":"ListItem","position":2,"name":"Oferta"}]},{"@type":"WebSite","@id":"https:\/\/birex.net\/#website","url":"https:\/\/birex.net\/","name":"BIREX Roz\u0142adunek wagon\u00f3w. Transport. Spedycja. Us\u0142ugi budowlane. Paliwa. Kruszywa.","description":"STWORZENI DO ZADA\u0143 WAGI CI\u0118\u017bKIEJ","publisher":{"@id":"https:\/\/birex.net\/#organization"},"potentialAction":[{"@type":"SearchAction","target":{"@type":"EntryPoint","urlTemplate":"https:\/\/birex.net\/?s={search_term_string}"},"query-input":{"@type":"PropertyValueSpecification","valueRequired":true,"valueName":"search_term_string"}}],"inLanguage":"pl-PL"},{"@type":"Organization","@id":"https:\/\/birex.net\/#organization","name":"BIREX","url":"https:\/\/birex.net\/","logo":{"@type":"ImageObject","inLanguage":"pl-PL","@id":"https:\/\/birex.net\/#\/schema\/logo\/image\/","url":"https:\/\/birex.net\/cms\/wp-content\/uploads\/2016\/05\/BIREX_logo-1.png","contentUrl":"https:\/\/birex.net\/cms\/wp-content\/uploads\/2016\/05\/BIREX_logo-1.png","width":186,"height":35,"caption":"BIREX"},"image":{"@id":"https:\/\/birex.net\/#\/schema\/logo\/image\/"}}]}},"_links":{"self":[{"href":"https:\/\/birex.net\/index.php\/wp-json\/wp\/v2\/pages\/52"}],"collection":[{"href":"https:\/\/birex.net\/index.php\/wp-json\/wp\/v2\/pages"}],"about":[{"href":"https:\/\/birex.net\/index.php\/wp-json\/wp\/v2\/types\/page"}],"author":[{"embeddable":true,"href":"https:\/\/birex.net\/index.php\/wp-json\/wp\/v2\/users\/1"}],"replies":[{"embeddable":true,"href":"https:\/\/birex.net\/index.php\/wp-json\/wp\/v2\/comments?post=52"}],"version-history":[{"count":34,"href":"https:\/\/birex.net\/index.php\/wp-json\/wp\/v2\/pages\/52\/revisions"}],"predecessor-version":[{"id":835,"href":"https:\/\/birex.net\/index.php\/wp-json\/wp\/v2\/pages\/52\/revisions\/835"}],"wp:attachment":[{"href":"https:\/\/birex.net\/index.php\/wp-json\/wp\/v2\/media?parent=52"}],"curies":[{"name":"wp","href":"https:\/\/api.w.org\/{rel}","templated":true}]}}