{"id":50,"date":"2016-05-18T22:40:07","date_gmt":"2016-05-18T20:40:07","guid":{"rendered":"http:\/\/birex.net\/cms\/?page_id=50"},"modified":"2016-05-31T15:04:25","modified_gmt":"2016-05-31T13:04:25","slug":"o-nas","status":"publish","type":"page","link":"https:\/\/birex.net\/index.php\/o-nas\/","title":{"rendered":"O nas"},"content":{"rendered":"<div class=\"wpb-content-wrapper\"><p>[vc_row css=&#8221;.vc_custom_1464699844865{padding-top: 80px !important;}&#8221;][vc_column width=&#8221;1\/2&#8243;]\t\t\t\n\t\n\t<div class=\"about-box2 \">\n\t\t<img decoding=\"async\" src=\"https:\/\/birex.net\/cms\/wp-content\/uploads\/2016\/05\/onas1.jpg\" class=\"img-responsive\" alt=\"\">\n        <div class=\"divider-single\"><\/div>\n        <h2>Kim jeste\u015bmy?<\/h2>\n        <div class=\"tiny-border\"><\/div>\n        Firma Us\u0142ugowo Handlowa BIREX posiada 20 lat do\u015bwiadczenia w bran\u017cy transportowo &#8211; prze\u0142adunkowej. Pocz\u0105tkowo nasza firma specjalizowa\u0142a si\u0119 g\u0142\u00f3wnie \u015bwiadczeniem us\u0142ug transportowych samochodami samowy\u0142adowczymi, jednak z biegiem lat rozszerza\u0142a swoj\u0105 dzia\u0142alno\u015b\u0107 na kolejnych p\u0142aszczyznach. Dzi\u0119ki temu zdobyli\u015bmy do\u015bwiadczenie i zaufanie na rynku. Stale d\u0105\u017cymy do unowocze\u015bniania swojego taboru, aby nasz\u0105 dzia\u0142alno\u015b\u0107 wyr\u00f3\u017cnia\u0142a najwy\u017csza jako\u015b\u0107 wykonanych us\u0142ug. Dzi\u015b jeste\u015bmy powa\u017canym przez Kontrahent\u00f3w partnerem i mo\u017cemy zaoferowa\u0107 swoim Klientom szeroki wachlarz specjalistycznych us\u0142ug na terenie ca\u0142ej Polski.        <div class=\"button_box\">\n\t        \t\t<\/div>\n    <\/div>\n    \n[\/vc_column][vc_column width=&#8221;1\/2&#8243;]\t\t\t\n\t\n\t<div class=\"about-box2 \">\n\t\t<img decoding=\"async\" src=\"https:\/\/birex.net\/cms\/wp-content\/uploads\/2016\/05\/onas2.jpg\" class=\"img-responsive\" alt=\"\">\n        <div class=\"divider-single\"><\/div>\n        <h2>Czym si\u0119 zajmujemy?<\/h2>\n        <div class=\"tiny-border\"><\/div>\n        Nasza domena to rynek transportowo &#8211; prze\u0142adunkowy. Jeste\u015bmy podmiotem wyspecjalizowanym, \u015bwiadcz\u0105cym us\u0142ugi o szczeg\u00f3lnej specyfice. Jeste\u015bmy wsz\u0119dzie tam, gdzie zlecenie wymaga specjalistycznego sprz\u0119tu, kompetentnej kadry i nowoczesnego podej\u015bcia. Nasze g\u0142\u00f3wne pola dzia\u0142alno\u015bci to: roz\u0142adunek i za\u0142adunek wagon\u00f3w, transport, us\u0142ugi budowlane oraz dodatkowo sprzeda\u017c paliw i kruszywa. Wielk\u0105 zalet\u0105 naszej firmy jest du\u017ca mobilno\u015b\u0107 maszyn i aut podczas przemieszczania si\u0119 mi\u0119dzy poszczeg\u00f3lnymi miejscami zleconych prac. Dzi\u0119ki temu wykonujemy nasze zadania sprawnie, minimalizuj\u0105c koszty zlece\u0144.        <div class=\"button_box\">\n\t        \t\t<\/div>\n    <\/div>\n    \n[\/vc_column][\/vc_row][vc_row css=&#8221;.vc_custom_1463657082835{padding-top: 0px !important;padding-bottom: 0px !important;}&#8221;][vc_column css=&#8221;.vc_custom_1464699765232{padding-top: 0px !important;padding-bottom: 0px !important;background-position: center !important;background-repeat: no-repeat !important;background-size: cover !important;}&#8221;]\n\t<div class=\"text-center\">\n        <h2 class=\"heading wow fadeInUp\" data-wow-delay=\"0\">Licencje i certyfikaty<\/h2>\n        <div class=\"small-border wow flipInY\" data-wow-delay=\".2s\" data-wow-duration=\".8s\"><\/div>\n    <\/div>\t\n\t\n[\/vc_column][\/vc_row][vc_row css=&#8221;.vc_custom_1464690473839{padding-top: 0px !important;padding-bottom: 0px !important;}&#8221;][vc_column][vc_column_text css=&#8221;.vc_custom_1464689349018{padding-top: 0px !important;}&#8221;]    \t\r\n\t\t<script>\r\n\t\/*\r\n *  Initialize the slider\r\n *\/\r\n\r\n\t\tjQuery(document).ready(function($){ \r\n\t\t\tjQuery(\"#wpaft-logo-slider-certyfikaty-i-licencje\").owlCarousel({\r\n\t\t\t\titems: \t\t\t\tNumber(wpaft.items),\r\n\t\t\t\tslideSpeed: \t\tNumber(wpaft.slide_speed),\r\n\t\t\t\tpaginationSpeed: \tNumber(wpaft.pagination_speed),\r\n\t\t\t\trewindSpeed: \t\tNumber(wpaft.rewind_speed),\r\n\t\t\t\tsingleItem: \t\tBoolean('1' == wpaft.single_item),\r\n\t\t\t\tautoPlay: \t\t\tBoolean('1' == wpaft.auto_play),\r\n\t\t\t\tstopOnHover: \t\tBoolean('1' == wpaft.stop_on_hover),\r\n\t\t\t\tnavigation: \t\tBoolean('1' == wpaft.navigation),\r\n\t\t\t\tpagination: \t\tBoolean('1' == wpaft.pagination),\r\n\t\t\t\tresponsive: \t\tBoolean('1' == wpaft.responsive)\r\n\t\t\t});\r\n\t\t});\r\n\t<\/script>\r\n\t<div id=\"wpaft-logo-slider-certyfikaty-i-licencje\" class=\"owl-carousel\">\r\n\t\t\r\n\t<div class=\"logo-container\">\r\n\t\t <a target=\"_blank\" href=\"http:\/\/birex.net\/cms\/wp-content\/uploads\/2016\/05\/certyfikat.jpg\"><img loading=\"lazy\" decoding=\"async\" width=\"261\" height=\"261\" src=\"https:\/\/birex.net\/cms\/wp-content\/uploads\/2016\/05\/282-2016-Strona-www_certyfikaty_02.jpg\" class=\"attachment-full size-full wp-post-image\" alt=\"\" srcset=\"https:\/\/birex.net\/cms\/wp-content\/uploads\/2016\/05\/282-2016-Strona-www_certyfikaty_02.jpg 261w, https:\/\/birex.net\/cms\/wp-content\/uploads\/2016\/05\/282-2016-Strona-www_certyfikaty_02-150x150.jpg 150w\" sizes=\"(max-width: 261px) 100vw, 261px\" \/><\/a>\r\n    \t\t\t\t\r\n\t<\/div>\r\n\t\t\r\n\t<div class=\"logo-container\">\r\n\t\t <a target=\"_blank\" href=\"http:\/\/birex.net\/cms\/wp-content\/uploads\/2016\/05\/licencja-na-przew\u00f3z-rzeczy.jpg\"><img loading=\"lazy\" decoding=\"async\" width=\"261\" height=\"261\" src=\"https:\/\/birex.net\/cms\/wp-content\/uploads\/2016\/05\/282-2016-Strona-www_certyfikaty_03.jpg\" class=\"attachment-full size-full wp-post-image\" alt=\"\" srcset=\"https:\/\/birex.net\/cms\/wp-content\/uploads\/2016\/05\/282-2016-Strona-www_certyfikaty_03.jpg 261w, https:\/\/birex.net\/cms\/wp-content\/uploads\/2016\/05\/282-2016-Strona-www_certyfikaty_03-150x150.jpg 150w\" sizes=\"(max-width: 261px) 100vw, 261px\" \/><\/a>\r\n    \t\t\t\t\r\n\t<\/div>\r\n\t\t\r\n\t<div class=\"logo-container\">\r\n\t\t <a target=\"_blank\" href=\"http:\/\/birex.net\/cms\/wp-content\/uploads\/2016\/05\/licencja.jpg\"><img loading=\"lazy\" decoding=\"async\" width=\"261\" height=\"261\" src=\"https:\/\/birex.net\/cms\/wp-content\/uploads\/2016\/05\/282-2016-Strona-www_certyfikaty_04.jpg\" class=\"attachment-full size-full wp-post-image\" alt=\"\" srcset=\"https:\/\/birex.net\/cms\/wp-content\/uploads\/2016\/05\/282-2016-Strona-www_certyfikaty_04.jpg 261w, https:\/\/birex.net\/cms\/wp-content\/uploads\/2016\/05\/282-2016-Strona-www_certyfikaty_04-150x150.jpg 150w\" sizes=\"(max-width: 261px) 100vw, 261px\" \/><\/a>\r\n    \t\t\t\t\r\n\t<\/div>\r\n\t\t\r\n\t<div class=\"logo-container\">\r\n\t\t <a target=\"_blank\" href=\"http:\/\/birex.net\/cms\/wp-content\/uploads\/2016\/05\/solidna-firma.jpg\"><img loading=\"lazy\" decoding=\"async\" width=\"261\" height=\"261\" src=\"https:\/\/birex.net\/cms\/wp-content\/uploads\/2016\/05\/282-2016-Strona-www_certyfikaty_05.jpg\" class=\"attachment-full size-full wp-post-image\" alt=\"\" srcset=\"https:\/\/birex.net\/cms\/wp-content\/uploads\/2016\/05\/282-2016-Strona-www_certyfikaty_05.jpg 261w, https:\/\/birex.net\/cms\/wp-content\/uploads\/2016\/05\/282-2016-Strona-www_certyfikaty_05-150x150.jpg 150w\" sizes=\"(max-width: 261px) 100vw, 261px\" \/><\/a>\r\n    \t\t\t\t\r\n\t<\/div>\r\n\t\t\r\n\t<div class=\"logo-container\">\r\n\t\t <a target=\"_blank\" href=\"http:\/\/birex.net\/cms\/wp-content\/uploads\/2016\/05\/certyfikat-kompetencji-zawodowych.jpg\"><img loading=\"lazy\" decoding=\"async\" width=\"261\" height=\"261\" src=\"https:\/\/birex.net\/cms\/wp-content\/uploads\/2016\/05\/282-2016-Strona-www_certyfikaty_01.jpg\" class=\"attachment-full size-full wp-post-image\" alt=\"\" srcset=\"https:\/\/birex.net\/cms\/wp-content\/uploads\/2016\/05\/282-2016-Strona-www_certyfikaty_01.jpg 261w, https:\/\/birex.net\/cms\/wp-content\/uploads\/2016\/05\/282-2016-Strona-www_certyfikaty_01-150x150.jpg 150w\" sizes=\"(max-width: 261px) 100vw, 261px\" \/><\/a>\r\n    \t\t\t\t\r\n\t<\/div>\r\n\t\t  <\/div>\r\n\t[\/vc_column_text][\/vc_column][\/vc_row][vc_row][vc_column]\n\t<div class=\"text-center\">\n        <h2 class=\"heading wow fadeInUp\" data-wow-delay=\"0\">NASZE ATUTY <strong>Sprawd\u017a dlaczego jeste\u015bmy zaufan\u0105 firm\u0105<\/strong><\/h2>\n        <div class=\"small-border wow flipInY\" data-wow-delay=\".2s\" data-wow-duration=\".8s\"><\/div>\n    <\/div>\t\n\t\n[\/vc_column][vc_column width=&#8221;1\/2&#8243;]\t\t\t\n\t\n\t<div class=\"feature-box \">\n        <i class=\"demo-icon icon-ic_skills wow zoomIn\" data-wow-delay=\"0s\"><\/i>\n        <div class=\"text wow fadeIn\" data-wow-delay=\".2s\">\n            <h3>\n\t              \n\t\t\t\t\t20 lat do\u015bwiadczenia\t\t\t\t \n\t\t\t<\/h3>\n            I wci\u0105\u017c dynamicznie si\u0119 rozwijamy. Wieloletnie do\u015bwiadczenie, szeroki zakres wykonywanych us\u0142ug i profesjonalizm czyni\u0105 nas powa\u017canym partnerem w bran\u017cy prze\u0142adunkowo \u2013 transportowej. Nasze zaplecze techniczne i du\u017ca mobilno\u015b\u0107 gwarantuje kompleksowe i rzetelne wykonywanie szerokiego spektrum zlece\u0144.<\/p>\n<p>Na terenie ca\u0142ego kraju \u015bwiadczymy us\u0142ugi specjalne w zakresie roz\u0142adunku, prze\u0142adunku, transportu i us\u0142ug budowlanych. Lokalnie zajmujemy si\u0119 te\u017c sprzeda\u017c\u0105 paliw i kruszywa.        <\/div>\n    <\/div>\n    \n[\/vc_column][vc_column width=&#8221;1\/2&#8243;]\t\t\t\n\t\n\t<div class=\"feature-box \">\n        <i class=\"demo-icon icon-ic_facilities wow zoomIn\" data-wow-delay=\"0s\"><\/i>\n        <div class=\"text wow fadeIn\" data-wow-delay=\".2s\">\n            <h3>\n\t              \n\t\t\t\t\tNowoczesne zaplecze techniczne\t\t\t\t \n\t\t\t<\/h3>\n            Dysponujemy specjalistycznym parkiem maszynowym \u2013 podzielonym na dwie specjalizacje \u2013 pojazdy wykorzystywane do transportu oraz maszyny przeznaczone do prze\u0142adunku i roz\u0142adunku wagon\u00f3w. Nasza firma posiada 35 r\u00f3\u017cnych maszyn specjalistycznych, kt\u00f3re zapewniaj\u0105 wy\u0142adunek, za\u0142adunek lub prze\u0142adunek materia\u0142\u00f3w w ilo\u015bciach 11 000 000 ton rocznie. W sk\u0142ad naszego taboru wchodzi te\u017c specjalistyczny sprz\u0119t, kt\u00f3rym wykonujemy us\u0142ugi budowlane. Posiadamy mobilny warsztat naprawczy i remontowy z w\u0142asnym agregatem energetycznym, kt\u00f3ry zapewnia naprawy urz\u0105dze\u0144 na miejscu pracy maszyny przez 24 h.        <\/div>\n    <\/div>\n    \n[\/vc_column][vc_column width=&#8221;1\/2&#8243;]\t\t\t\n\t\n\t<div class=\"feature-box \">\n        <i class=\"demo-icon icon-ic_certificate wow zoomIn\" data-wow-delay=\"0s\"><\/i>\n        <div class=\"text wow fadeIn\" data-wow-delay=\".2s\">\n            <h3>\n\t              \n\t\t\t\t\tCertyfikaty i licencje\t\t\t\t \n\t\t\t<\/h3>\n            Niew\u0105tpliwym atutem Firmy Birex jest wykwalifikowana kadra posiadaj\u0105ca stosowne uprawnienia. Nasza dzia\u0142alno\u015b\u0107 podparta jest szeregiem certyfikat\u00f3w (m.in. Rzetelna Firma) i licencji (licencje przewo\u017anika krajowe i mi\u0119dzynarodowe oraz licencj\u0105 spedycyjn\u0105 na kraje Unii Europejskiej). Spe\u0142niamy wszelkie wymogi konieczne do wykonywania naszej pracy. Zapewniamy przez to bezpiecze\u0144stwo i profesjonalne podej\u015bcie do zleconych realizacji.        <\/div>\n    <\/div>\n    \n[\/vc_column][vc_column width=&#8221;1\/2&#8243;]\t\t\t\n\t\n\t<div class=\"feature-box \">\n        <i class=\"demo-icon icon-ic_elastic wow zoomIn\" data-wow-delay=\"0s\"><\/i>\n        <div class=\"text wow fadeIn\" data-wow-delay=\".2s\">\n            <h3>\n\t              \n\t\t\t\t\tElastyczno\u015b\u0107\t\t\t\t \n\t\t\t<\/h3>\n            Dynamicznie dostosowujemy si\u0119 do wymaga\u0144 i potrzeb klient\u00f3w. Wsp\u00f3\u0142pracujemy z du\u017cymi firmami przewozowymi, budowlanymi oraz drogowymi, obs\u0142uguj\u0105c zlecenia ramowe &#8211; jednorazowe lub wielokrotne, ale te\u017c jeste\u015bmy otwarci na zlecenia klient\u00f3w indywidualnych. Aktualnie nasze mo\u017cliwo\u015bci roczne w prze\u0142adunkach wagon\u00f3w wynosz\u0105 11 milion\u00f3w ton z tendencj\u0105 ich zwi\u0119kszenia w momencie zapotrzebowania rynku. Dok\u0142adamy wszelkich stara\u0144, aby \u015bwiadczone przez nas us\u0142ugi by\u0142y wykonane zgodnie z preferencjami ka\u017cdego zleceniodawcy. Fachowa obs\u0142uga, specjalistyczny sprz\u0119t, pe\u0142na mobilno\u015b\u0107 poparte do\u015bwiadczeniem sprawiaj\u0105, \u017ce jeste\u015bmy postrzegani jako bezkonkurencyjni.        <\/div>\n    <\/div>\n    \n[\/vc_column][\/vc_row]<\/p>\n<\/div>","protected":false},"excerpt":{"rendered":"<p>[vc_row css=&#8221;.vc_custom_1464699844865{padding-top: 80px !important;}&#8221;][vc_column width=&#8221;1\/2&#8243;][\/vc_column][vc_column width=&#8221;1\/2&#8243;][\/vc_column][\/vc_row][vc_row css=&#8221;.vc_custom_1463657082835{padding-top: 0px !important;padding-bottom: 0px !important;}&#8221;][vc_column css=&#8221;.vc_custom_1464699765232{padding-top: 0px !important;padding-bottom: 0px !important;background-position: center !important;background-repeat: no-repeat !important;background-size: cover !important;}&#8221;][\/vc_column][\/vc_row][vc_row css=&#8221;.vc_custom_1464690473839{padding-top: 0px !important;padding-bottom: 0px !important;}&#8221;][vc_column][vc_column_text css=&#8221;.vc_custom_1464689349018{padding-top: 0px !important;}&#8221;][\/vc_column_text][\/vc_column][\/vc_row][vc_row][vc_column][\/vc_column][vc_column width=&#8221;1\/2&#8243;][\/vc_column][vc_column width=&#8221;1\/2&#8243;][\/vc_column][vc_column width=&#8221;1\/2&#8243;][\/vc_column][vc_column width=&#8221;1\/2&#8243;][\/vc_column][\/vc_row]<\/p>\n","protected":false},"author":1,"featured_media":0,"parent":0,"menu_order":0,"comment_status":"closed","ping_status":"closed","template":"page-templates\/template-fullwidth.php","meta":{"footnotes":""},"class_list":["post-50","page","type-page","status-publish","hentry"],"yoast_head":"<!-- This site is optimized with the Yoast SEO plugin v23.5 - https:\/\/yoast.com\/wordpress\/plugins\/seo\/ -->\n<title>O nas - BIREX<\/title>\n<meta name=\"robots\" content=\"index, follow, max-snippet:-1, max-image-preview:large, max-video-preview:-1\" \/>\n<link rel=\"canonical\" href=\"https:\/\/birex.net\/index.php\/o-nas\/\" \/>\n<meta property=\"og:locale\" content=\"pl_PL\" \/>\n<meta property=\"og:type\" content=\"article\" \/>\n<meta property=\"og:title\" content=\"O nas - BIREX\" \/>\n<meta property=\"og:description\" content=\"[vc_row css=&#8221;.vc_custom_1464699844865{padding-top: 80px !important;}&#8221;][vc_column width=&#8221;1\/2&#8243;][\/vc_column][vc_column width=&#8221;1\/2&#8243;][\/vc_column][\/vc_row][vc_row css=&#8221;.vc_custom_1463657082835{padding-top: 0px !important;padding-bottom: 0px !important;}&#8221;][vc_column css=&#8221;.vc_custom_1464699765232{padding-top: 0px !important;padding-bottom: 0px !important;background-position: center !important;background-repeat: no-repeat !important;background-size: cover !important;}&#8221;][\/vc_column][\/vc_row][vc_row css=&#8221;.vc_custom_1464690473839{padding-top: 0px !important;padding-bottom: 0px !important;}&#8221;][vc_column][vc_column_text css=&#8221;.vc_custom_1464689349018{padding-top: 0px !important;}&#8221;][\/vc_column_text][\/vc_column][\/vc_row][vc_row][vc_column][\/vc_column][vc_column width=&#8221;1\/2&#8243;][\/vc_column][vc_column width=&#8221;1\/2&#8243;][\/vc_column][vc_column width=&#8221;1\/2&#8243;][\/vc_column][vc_column width=&#8221;1\/2&#8243;][\/vc_column][\/vc_row]\" \/>\n<meta property=\"og:url\" content=\"https:\/\/birex.net\/index.php\/o-nas\/\" \/>\n<meta property=\"og:site_name\" content=\"BIREX\" \/>\n<meta property=\"article:modified_time\" content=\"2016-05-31T13:04:25+00:00\" \/>\n<meta name=\"twitter:card\" content=\"summary_large_image\" \/>\n<meta name=\"twitter:label1\" content=\"Szacowany czas czytania\" \/>\n\t<meta name=\"twitter:data1\" content=\"4 minuty\" \/>\n<script type=\"application\/ld+json\" class=\"yoast-schema-graph\">{\"@context\":\"https:\/\/schema.org\",\"@graph\":[{\"@type\":\"WebPage\",\"@id\":\"https:\/\/birex.net\/index.php\/o-nas\/\",\"url\":\"https:\/\/birex.net\/index.php\/o-nas\/\",\"name\":\"O nas - BIREX\",\"isPartOf\":{\"@id\":\"https:\/\/birex.net\/#website\"},\"datePublished\":\"2016-05-18T20:40:07+00:00\",\"dateModified\":\"2016-05-31T13:04:25+00:00\",\"breadcrumb\":{\"@id\":\"https:\/\/birex.net\/index.php\/o-nas\/#breadcrumb\"},\"inLanguage\":\"pl-PL\",\"potentialAction\":[{\"@type\":\"ReadAction\",\"target\":[\"https:\/\/birex.net\/index.php\/o-nas\/\"]}]},{\"@type\":\"BreadcrumbList\",\"@id\":\"https:\/\/birex.net\/index.php\/o-nas\/#breadcrumb\",\"itemListElement\":[{\"@type\":\"ListItem\",\"position\":1,\"name\":\"Strona g\u0142\u00f3wna\",\"item\":\"https:\/\/birex.net\/\"},{\"@type\":\"ListItem\",\"position\":2,\"name\":\"O nas\"}]},{\"@type\":\"WebSite\",\"@id\":\"https:\/\/birex.net\/#website\",\"url\":\"https:\/\/birex.net\/\",\"name\":\"BIREX Roz\u0142adunek wagon\u00f3w. Transport. Spedycja. Us\u0142ugi budowlane. Paliwa. Kruszywa.\",\"description\":\"STWORZENI DO ZADA\u0143 WAGI CI\u0118\u017bKIEJ\",\"publisher\":{\"@id\":\"https:\/\/birex.net\/#organization\"},\"potentialAction\":[{\"@type\":\"SearchAction\",\"target\":{\"@type\":\"EntryPoint\",\"urlTemplate\":\"https:\/\/birex.net\/?s={search_term_string}\"},\"query-input\":{\"@type\":\"PropertyValueSpecification\",\"valueRequired\":true,\"valueName\":\"search_term_string\"}}],\"inLanguage\":\"pl-PL\"},{\"@type\":\"Organization\",\"@id\":\"https:\/\/birex.net\/#organization\",\"name\":\"BIREX\",\"url\":\"https:\/\/birex.net\/\",\"logo\":{\"@type\":\"ImageObject\",\"inLanguage\":\"pl-PL\",\"@id\":\"https:\/\/birex.net\/#\/schema\/logo\/image\/\",\"url\":\"https:\/\/birex.net\/cms\/wp-content\/uploads\/2016\/05\/BIREX_logo-1.png\",\"contentUrl\":\"https:\/\/birex.net\/cms\/wp-content\/uploads\/2016\/05\/BIREX_logo-1.png\",\"width\":186,\"height\":35,\"caption\":\"BIREX\"},\"image\":{\"@id\":\"https:\/\/birex.net\/#\/schema\/logo\/image\/\"}}]}<\/script>\n<!-- \/ Yoast SEO plugin. -->","yoast_head_json":{"title":"O nas - BIREX","robots":{"index":"index","follow":"follow","max-snippet":"max-snippet:-1","max-image-preview":"max-image-preview:large","max-video-preview":"max-video-preview:-1"},"canonical":"https:\/\/birex.net\/index.php\/o-nas\/","og_locale":"pl_PL","og_type":"article","og_title":"O nas - BIREX","og_description":"[vc_row css=&#8221;.vc_custom_1464699844865{padding-top: 80px !important;}&#8221;][vc_column width=&#8221;1\/2&#8243;][\/vc_column][vc_column width=&#8221;1\/2&#8243;][\/vc_column][\/vc_row][vc_row css=&#8221;.vc_custom_1463657082835{padding-top: 0px !important;padding-bottom: 0px !important;}&#8221;][vc_column css=&#8221;.vc_custom_1464699765232{padding-top: 0px !important;padding-bottom: 0px !important;background-position: center !important;background-repeat: no-repeat !important;background-size: cover !important;}&#8221;][\/vc_column][\/vc_row][vc_row css=&#8221;.vc_custom_1464690473839{padding-top: 0px !important;padding-bottom: 0px !important;}&#8221;][vc_column][vc_column_text css=&#8221;.vc_custom_1464689349018{padding-top: 0px !important;}&#8221;][\/vc_column_text][\/vc_column][\/vc_row][vc_row][vc_column][\/vc_column][vc_column width=&#8221;1\/2&#8243;][\/vc_column][vc_column width=&#8221;1\/2&#8243;][\/vc_column][vc_column width=&#8221;1\/2&#8243;][\/vc_column][vc_column width=&#8221;1\/2&#8243;][\/vc_column][\/vc_row]","og_url":"https:\/\/birex.net\/index.php\/o-nas\/","og_site_name":"BIREX","article_modified_time":"2016-05-31T13:04:25+00:00","twitter_card":"summary_large_image","twitter_misc":{"Szacowany czas czytania":"4 minuty"},"schema":{"@context":"https:\/\/schema.org","@graph":[{"@type":"WebPage","@id":"https:\/\/birex.net\/index.php\/o-nas\/","url":"https:\/\/birex.net\/index.php\/o-nas\/","name":"O nas - BIREX","isPartOf":{"@id":"https:\/\/birex.net\/#website"},"datePublished":"2016-05-18T20:40:07+00:00","dateModified":"2016-05-31T13:04:25+00:00","breadcrumb":{"@id":"https:\/\/birex.net\/index.php\/o-nas\/#breadcrumb"},"inLanguage":"pl-PL","potentialAction":[{"@type":"ReadAction","target":["https:\/\/birex.net\/index.php\/o-nas\/"]}]},{"@type":"BreadcrumbList","@id":"https:\/\/birex.net\/index.php\/o-nas\/#breadcrumb","itemListElement":[{"@type":"ListItem","position":1,"name":"Strona g\u0142\u00f3wna","item":"https:\/\/birex.net\/"},{"@type":"ListItem","position":2,"name":"O nas"}]},{"@type":"WebSite","@id":"https:\/\/birex.net\/#website","url":"https:\/\/birex.net\/","name":"BIREX Roz\u0142adunek wagon\u00f3w. Transport. Spedycja. Us\u0142ugi budowlane. Paliwa. Kruszywa.","description":"STWORZENI DO ZADA\u0143 WAGI CI\u0118\u017bKIEJ","publisher":{"@id":"https:\/\/birex.net\/#organization"},"potentialAction":[{"@type":"SearchAction","target":{"@type":"EntryPoint","urlTemplate":"https:\/\/birex.net\/?s={search_term_string}"},"query-input":{"@type":"PropertyValueSpecification","valueRequired":true,"valueName":"search_term_string"}}],"inLanguage":"pl-PL"},{"@type":"Organization","@id":"https:\/\/birex.net\/#organization","name":"BIREX","url":"https:\/\/birex.net\/","logo":{"@type":"ImageObject","inLanguage":"pl-PL","@id":"https:\/\/birex.net\/#\/schema\/logo\/image\/","url":"https:\/\/birex.net\/cms\/wp-content\/uploads\/2016\/05\/BIREX_logo-1.png","contentUrl":"https:\/\/birex.net\/cms\/wp-content\/uploads\/2016\/05\/BIREX_logo-1.png","width":186,"height":35,"caption":"BIREX"},"image":{"@id":"https:\/\/birex.net\/#\/schema\/logo\/image\/"}}]}},"_links":{"self":[{"href":"https:\/\/birex.net\/index.php\/wp-json\/wp\/v2\/pages\/50"}],"collection":[{"href":"https:\/\/birex.net\/index.php\/wp-json\/wp\/v2\/pages"}],"about":[{"href":"https:\/\/birex.net\/index.php\/wp-json\/wp\/v2\/types\/page"}],"author":[{"embeddable":true,"href":"https:\/\/birex.net\/index.php\/wp-json\/wp\/v2\/users\/1"}],"replies":[{"embeddable":true,"href":"https:\/\/birex.net\/index.php\/wp-json\/wp\/v2\/comments?post=50"}],"version-history":[{"count":69,"href":"https:\/\/birex.net\/index.php\/wp-json\/wp\/v2\/pages\/50\/revisions"}],"predecessor-version":[{"id":573,"href":"https:\/\/birex.net\/index.php\/wp-json\/wp\/v2\/pages\/50\/revisions\/573"}],"wp:attachment":[{"href":"https:\/\/birex.net\/index.php\/wp-json\/wp\/v2\/media?parent=50"}],"curies":[{"name":"wp","href":"https:\/\/api.w.org\/{rel}","templated":true}]}}